{"id":307,"date":"2025-02-19T20:25:00","date_gmt":"2025-02-19T19:25:00","guid":{"rendered":"https:\/\/cylianguibert.ovh\/?page_id=307"},"modified":"2025-05-22T19:35:27","modified_gmt":"2025-05-22T17:35:27","slug":"le-robot-introverti","status":"publish","type":"page","link":"https:\/\/cylianguibert.ovh\/index.php\/le-robot-introverti\/","title":{"rendered":"Le robot introverti"},"content":{"rendered":"\t\t<div data-elementor-type=\"wp-page\" data-elementor-id=\"307\" class=\"elementor elementor-307\">\n\t\t\t\t<div class=\"elementor-element elementor-element-83dcb1c e-flex e-con-boxed e-con e-parent\" data-id=\"83dcb1c\" data-element_type=\"container\" data-e-type=\"container\">\n\t\t\t\t\t<div class=\"e-con-inner\">\n\t\t<div class=\"elementor-element elementor-element-46f22ed e-con-full e-flex e-con e-child\" data-id=\"46f22ed\" data-element_type=\"container\" data-e-type=\"container\">\n\t\t\t\t<div class=\"elementor-element elementor-element-45eb0b0 elementor-widget__width-initial animated-fast elementor-widget elementor-widget-image\" data-id=\"45eb0b0\" data-element_type=\"widget\" data-e-type=\"widget\" data-settings=\"{&quot;_animation&quot;:&quot;none&quot;}\" data-widget_type=\"image.default\">\n\t\t\t\t<div class=\"elementor-widget-container\">\n\t\t\t\t\t\t\t\t\t\t\t\t\t\t\t\t<a href=\"https:\/\/cylianguibert.ovh\/\">\n\t\t\t\t\t\t\t<img fetchpriority=\"high\" decoding=\"async\" width=\"1024\" height=\"1024\" src=\"https:\/\/cylianguibert.ovh\/wp-content\/uploads\/2025\/02\/Favicon_Portfolio-1024x1024.png\" class=\"attachment-large size-large wp-image-287\" alt=\"\" srcset=\"https:\/\/cylianguibert.ovh\/wp-content\/uploads\/2025\/02\/Favicon_Portfolio-1024x1024.png 1024w, https:\/\/cylianguibert.ovh\/wp-content\/uploads\/2025\/02\/Favicon_Portfolio-300x300.png 300w, https:\/\/cylianguibert.ovh\/wp-content\/uploads\/2025\/02\/Favicon_Portfolio-150x150.png 150w, https:\/\/cylianguibert.ovh\/wp-content\/uploads\/2025\/02\/Favicon_Portfolio-768x768.png 768w, https:\/\/cylianguibert.ovh\/wp-content\/uploads\/2025\/02\/Favicon_Portfolio-1536x1536.png 1536w, https:\/\/cylianguibert.ovh\/wp-content\/uploads\/2025\/02\/Favicon_Portfolio.png 1544w\" sizes=\"(max-width: 1024px) 100vw, 1024px\" \/>\t\t\t\t\t\t\t\t<\/a>\n\t\t\t\t\t\t\t\t\t\t\t\t\t\t\t<\/div>\n\t\t\t\t<\/div>\n\t\t\t\t<\/div>\n\t\t<div class=\"elementor-element elementor-element-2be0e65 e-con-full e-flex e-con e-child\" data-id=\"2be0e65\" data-element_type=\"container\" data-e-type=\"container\">\n\t\t\t\t<\/div>\n\t\t<div class=\"elementor-element elementor-element-8fcbe5c e-con-full e-flex e-con e-child\" data-id=\"8fcbe5c\" data-element_type=\"container\" data-e-type=\"container\">\n\t\t\t\t<div class=\"elementor-element elementor-element-6838799 elementor-widget elementor-widget-heading\" data-id=\"6838799\" data-element_type=\"widget\" data-e-type=\"widget\" data-widget_type=\"heading.default\">\n\t\t\t\t<div class=\"elementor-widget-container\">\n\t\t\t\t\t<h6 class=\"elementor-heading-title elementor-size-default\"><a href=\"https:\/\/www.youtube.com\/@Cyl_Guibert\" target=\"_blank\">\/YOUTUBE<\/a><\/h6>\t\t\t\t<\/div>\n\t\t\t\t<\/div>\n\t\t\t\t<\/div>\n\t\t<div class=\"elementor-element elementor-element-79d2993 e-con-full e-flex e-con e-child\" data-id=\"79d2993\" data-element_type=\"container\" data-e-type=\"container\">\n\t\t\t\t<div class=\"elementor-element elementor-element-1512360 elementor-widget elementor-widget-heading\" data-id=\"1512360\" data-element_type=\"widget\" data-e-type=\"widget\" data-widget_type=\"heading.default\">\n\t\t\t\t<div class=\"elementor-widget-container\">\n\t\t\t\t\t<h6 class=\"elementor-heading-title elementor-size-default\"><a href=\"http:\/\/www.instagram.com\/cyl_guibert\/\" target=\"_blank\">\/INSTAGRAM<\/a><\/h6>\t\t\t\t<\/div>\n\t\t\t\t<\/div>\n\t\t\t\t<\/div>\n\t\t<div class=\"elementor-element elementor-element-d228e37 e-con-full e-flex e-con e-child\" data-id=\"d228e37\" data-element_type=\"container\" data-e-type=\"container\">\n\t\t\t\t<div class=\"elementor-element elementor-element-15e379a elementor-widget elementor-widget-heading\" data-id=\"15e379a\" data-element_type=\"widget\" data-e-type=\"widget\" data-widget_type=\"heading.default\">\n\t\t\t\t<div class=\"elementor-widget-container\">\n\t\t\t\t\t<h6 class=\"elementor-heading-title elementor-size-default\"><a href=\"https:\/\/letterboxd.com\/CylTePlay\/\" target=\"_blank\">\/LETTERBOXD<\/a><\/h6>\t\t\t\t<\/div>\n\t\t\t\t<\/div>\n\t\t\t\t<\/div>\n\t\t<div class=\"elementor-element elementor-element-77926d6 e-con-full e-flex e-con e-child\" data-id=\"77926d6\" data-element_type=\"container\" data-e-type=\"container\">\n\t\t\t\t<div class=\"elementor-element elementor-element-da910b7 elementor-widget elementor-widget-heading\" data-id=\"da910b7\" data-element_type=\"widget\" data-e-type=\"widget\" data-widget_type=\"heading.default\">\n\t\t\t\t<div class=\"elementor-widget-container\">\n\t\t\t\t\t<h6 class=\"elementor-heading-title elementor-size-default\"><a href=\"https:\/\/cylianguibert.ovh\/index.php\/about\/\" target=\"_blank\">\/ABOUT<\/a><\/h6>\t\t\t\t<\/div>\n\t\t\t\t<\/div>\n\t\t\t\t<\/div>\n\t\t\t\t\t<\/div>\n\t\t\t\t<\/div>\n\t\t<div class=\"elementor-element elementor-element-eeacd00 e-flex e-con-boxed e-con e-parent\" data-id=\"eeacd00\" data-element_type=\"container\" data-e-type=\"container\">\n\t\t\t\t\t<div class=\"e-con-inner\">\n\t\t<div class=\"elementor-element elementor-element-781eb10 e-con-full e-flex e-con e-child\" data-id=\"781eb10\" data-element_type=\"container\" data-e-type=\"container\">\n\t\t\t\t<\/div>\n\t\t<div class=\"elementor-element elementor-element-4b01fbb e-con-full e-flex e-con e-child\" data-id=\"4b01fbb\" data-element_type=\"container\" data-e-type=\"container\">\n\t\t\t\t<\/div>\n\t\t\t\t\t<\/div>\n\t\t\t\t<\/div>\n\t\t<div class=\"elementor-element elementor-element-eb602c8 e-flex e-con-boxed e-con e-parent\" data-id=\"eb602c8\" data-element_type=\"container\" data-e-type=\"container\">\n\t\t\t\t\t<div class=\"e-con-inner\">\n\t\t<div class=\"elementor-element elementor-element-8ab1bfc e-con-full e-flex e-con e-child\" data-id=\"8ab1bfc\" data-element_type=\"container\" data-e-type=\"container\">\n\t\t\t\t<div class=\"elementor-element elementor-element-e43737a elementor-widget elementor-widget-heading\" data-id=\"e43737a\" data-element_type=\"widget\" data-e-type=\"widget\" data-widget_type=\"heading.default\">\n\t\t\t\t<div class=\"elementor-widget-container\">\n\t\t\t\t\t<h2 class=\"elementor-heading-title elementor-size-default\">Le Robot introverti<\/h2>\t\t\t\t<\/div>\n\t\t\t\t<\/div>\n\t\t\t\t<div class=\"elementor-element elementor-element-bcc659a elementor-widget elementor-widget-heading\" data-id=\"bcc659a\" data-element_type=\"widget\" data-e-type=\"widget\" data-widget_type=\"heading.default\">\n\t\t\t\t<div class=\"elementor-widget-container\">\n\t\t\t\t\t<h5 class=\"elementor-heading-title elementor-size-default\">Encadrant : Nicolas Th\u00e9venin<\/h5>\t\t\t\t<\/div>\n\t\t\t\t<\/div>\n\t\t\t\t<div class=\"elementor-element elementor-element-0c3344d elementor-widget__width-initial elementor-widget elementor-widget-text-editor\" data-id=\"0c3344d\" data-element_type=\"widget\" data-e-type=\"widget\" data-widget_type=\"text-editor.default\">\n\t\t\t\t<div class=\"elementor-widget-container\">\n\t\t\t\t\t\t\t\t\t<p>Un court-m\u00e9trage dans le cadre d&#8217;un cours d&#8217;histoire de l&#8217;animation. <br \/>L&#8217;intrigue et la technique \u00e9taient \u00e0 100% libres et les attendus portaient principalement sur la narration et la clart\u00e9 du sc\u00e9nario (par le sc\u00e9nario et le montage notamment).<br \/>Il s&#8217;agissait de raconter une &#8220;m\u00e9tamorphose&#8221;, ici celle d&#8217;un robot qui panique dans un contexte social.<\/p>\t\t\t\t\t\t\t\t<\/div>\n\t\t\t\t<\/div>\n\t\t\t\t<\/div>\n\t\t<div class=\"elementor-element elementor-element-b9ccd77 e-con-full animated-fast e-flex elementor-invisible e-con e-child\" data-id=\"b9ccd77\" data-element_type=\"container\" data-e-type=\"container\" data-settings=\"{&quot;animation&quot;:&quot;slideInUp&quot;}\">\n\t\t\t\t<div class=\"elementor-element elementor-element-fbf3cb2 elementor-widget elementor-widget-image\" data-id=\"fbf3cb2\" data-element_type=\"widget\" data-e-type=\"widget\" data-widget_type=\"image.default\">\n\t\t\t\t<div class=\"elementor-widget-container\">\n\t\t\t\t\t\t\t\t\t\t\t\t\t\t\t<img decoding=\"async\" src=\"https:\/\/cylianguibert.ovh\/wp-content\/uploads\/2025\/02\/image_2025-02-19_161055735.png\" title=\"\" alt=\"\" loading=\"lazy\" \/>\t\t\t\t\t\t\t\t\t\t\t\t\t\t\t<\/div>\n\t\t\t\t<\/div>\n\t\t\t\t<\/div>\n\t\t\t\t\t<\/div>\n\t\t\t\t<\/div>\n\t\t<div class=\"elementor-element elementor-element-2bdddd9 e-flex e-con-boxed e-con e-parent\" data-id=\"2bdddd9\" data-element_type=\"container\" data-e-type=\"container\">\n\t\t\t\t\t<div class=\"e-con-inner\">\n\t\t\t\t\t<\/div>\n\t\t\t\t<\/div>\n\t\t<div class=\"elementor-element elementor-element-78bad42 e-flex e-con-boxed e-con e-parent\" data-id=\"78bad42\" data-element_type=\"container\" data-e-type=\"container\">\n\t\t\t\t\t<div class=\"e-con-inner\">\n\t\t\t\t<div class=\"elementor-element elementor-element-64ff27c elementor-widget elementor-widget-video\" data-id=\"64ff27c\" data-element_type=\"widget\" data-e-type=\"widget\" data-settings=\"{&quot;youtube_url&quot;:&quot;https:\\\/\\\/www.youtube.com\\\/watch?v=cjOa0Yh8O4I&quot;,&quot;video_type&quot;:&quot;youtube&quot;,&quot;controls&quot;:&quot;yes&quot;}\" data-widget_type=\"video.default\">\n\t\t\t\t<div class=\"elementor-widget-container\">\n\t\t\t\t\t\t\t<div class=\"elementor-wrapper elementor-open-inline\">\n\t\t\t<div class=\"elementor-video\"><\/div>\t\t<\/div>\n\t\t\t\t\t\t<\/div>\n\t\t\t\t<\/div>\n\t\t\t\t\t<\/div>\n\t\t\t\t<\/div>\n\t\t<div class=\"elementor-element elementor-element-f94940f e-flex e-con-boxed e-con e-parent\" data-id=\"f94940f\" data-element_type=\"container\" data-e-type=\"container\">\n\t\t\t\t\t<div class=\"e-con-inner\">\n\t\t<div class=\"elementor-element elementor-element-b1d3363 e-con-full e-flex e-con e-child\" data-id=\"b1d3363\" data-element_type=\"container\" data-e-type=\"container\">\n\t\t\t\t<div class=\"elementor-element elementor-element-a66505d elementor-widget elementor-widget-heading\" data-id=\"a66505d\" data-element_type=\"widget\" data-e-type=\"widget\" data-widget_type=\"heading.default\">\n\t\t\t\t<div class=\"elementor-widget-container\">\n\t\t\t\t\t<h5 class=\"elementor-heading-title elementor-size-default\">POUR EN VOIR PLUS<\/h5>\t\t\t\t<\/div>\n\t\t\t\t<\/div>\n\t\t\t\t<\/div>\n\t\t<div class=\"elementor-element elementor-element-8b31753 e-con-full e-flex e-con e-child\" data-id=\"8b31753\" data-element_type=\"container\" data-e-type=\"container\">\n\t\t\t\t<\/div>\n\t\t<div class=\"elementor-element elementor-element-e3df099 e-con-full e-flex e-con e-child\" data-id=\"e3df099\" data-element_type=\"container\" data-e-type=\"container\">\n\t\t\t\t<div class=\"elementor-element elementor-element-9691f1f elementor-widget elementor-widget-heading\" data-id=\"9691f1f\" data-element_type=\"widget\" data-e-type=\"widget\" data-widget_type=\"heading.default\">\n\t\t\t\t<div class=\"elementor-widget-container\">\n\t\t\t\t\t<h6 class=\"elementor-heading-title elementor-size-default\"><a href=\"https:\/\/www.youtube.com\/@Cyl_Guibert\" target=\"_blank\">\/YOUTUBE<\/a><\/h6>\t\t\t\t<\/div>\n\t\t\t\t<\/div>\n\t\t\t\t<div class=\"elementor-element elementor-element-0d95d2f elementor-widget elementor-widget-heading\" data-id=\"0d95d2f\" data-element_type=\"widget\" data-e-type=\"widget\" data-widget_type=\"heading.default\">\n\t\t\t\t<div class=\"elementor-widget-container\">\n\t\t\t\t\t<h6 class=\"elementor-heading-title elementor-size-default\"><a href=\"http:\/\/www.instagram.com\/cyl_guibert\/\" target=\"_blank\">\/INSTAGRAM<\/a><\/h6>\t\t\t\t<\/div>\n\t\t\t\t<\/div>\n\t\t\t\t<div class=\"elementor-element elementor-element-f3a99ed elementor-widget elementor-widget-heading\" data-id=\"f3a99ed\" data-element_type=\"widget\" data-e-type=\"widget\" data-widget_type=\"heading.default\">\n\t\t\t\t<div class=\"elementor-widget-container\">\n\t\t\t\t\t<h6 class=\"elementor-heading-title elementor-size-default\"><a href=\"https:\/\/letterboxd.com\/CylTePlay\/\" target=\"_blank\">\/LETTERBOXD<\/a><\/h6>\t\t\t\t<\/div>\n\t\t\t\t<\/div>\n\t\t\t\t<\/div>\n\t\t<div class=\"elementor-element elementor-element-f60f601 e-con-full e-flex e-con e-child\" data-id=\"f60f601\" data-element_type=\"container\" data-e-type=\"container\">\n\t\t\t\t<\/div>\n\t\t<div class=\"elementor-element elementor-element-4ccdf89 e-con-full e-flex e-con e-child\" data-id=\"4ccdf89\" data-element_type=\"container\" data-e-type=\"container\">\n\t\t\t\t<\/div>\n\t\t<div class=\"elementor-element elementor-element-000d117 e-con-full e-flex e-con e-child\" data-id=\"000d117\" data-element_type=\"container\" data-e-type=\"container\">\n\t\t\t\t<\/div>\n\t\t\t\t\t<\/div>\n\t\t\t\t<\/div>\n\t\t\t\t<\/div>\n\t\t","protected":false},"excerpt":{"rendered":"<p>\/YOUTUBE \/INSTAGRAM \/LETTERBOXD \/ABOUT Le Robot introverti Encadrant : Nicolas Th\u00e9venin Un court-m\u00e9trage dans le cadre d&#8217;un cours d&#8217;histoire de l&#8217;animation. L&#8217;intrigue et la technique \u00e9taient \u00e0 100% libres et les attendus portaient principalement sur la narration et la clart\u00e9 du sc\u00e9nario (par le sc\u00e9nario et le montage notamment).Il s&#8217;agissait de raconter une &#8220;m\u00e9tamorphose&#8221;, ici [&hellip;]<\/p>\n","protected":false},"author":1,"featured_media":0,"parent":0,"menu_order":0,"comment_status":"closed","ping_status":"closed","template":"elementor_canvas","meta":{"footnotes":""},"class_list":["post-307","page","type-page","status-publish","hentry"],"_links":{"self":[{"href":"https:\/\/cylianguibert.ovh\/index.php\/wp-json\/wp\/v2\/pages\/307","targetHints":{"allow":["GET"]}}],"collection":[{"href":"https:\/\/cylianguibert.ovh\/index.php\/wp-json\/wp\/v2\/pages"}],"about":[{"href":"https:\/\/cylianguibert.ovh\/index.php\/wp-json\/wp\/v2\/types\/page"}],"author":[{"embeddable":true,"href":"https:\/\/cylianguibert.ovh\/index.php\/wp-json\/wp\/v2\/users\/1"}],"replies":[{"embeddable":true,"href":"https:\/\/cylianguibert.ovh\/index.php\/wp-json\/wp\/v2\/comments?post=307"}],"version-history":[{"count":100,"href":"https:\/\/cylianguibert.ovh\/index.php\/wp-json\/wp\/v2\/pages\/307\/revisions"}],"predecessor-version":[{"id":2628,"href":"https:\/\/cylianguibert.ovh\/index.php\/wp-json\/wp\/v2\/pages\/307\/revisions\/2628"}],"wp:attachment":[{"href":"https:\/\/cylianguibert.ovh\/index.php\/wp-json\/wp\/v2\/media?parent=307"}],"curies":[{"name":"wp","href":"https:\/\/api.w.org\/{rel}","templated":true}]}}