{"id":271,"date":"2025-02-19T19:55:54","date_gmt":"2025-02-19T18:55:54","guid":{"rendered":"https:\/\/cylianguibert.ovh\/?page_id=271"},"modified":"2025-05-22T19:36:02","modified_gmt":"2025-05-22T17:36:02","slug":"pantheon-au-feminin","status":"publish","type":"page","link":"https:\/\/cylianguibert.ovh\/index.php\/pantheon-au-feminin\/","title":{"rendered":"Panth\u00e9on au f\u00e9minin"},"content":{"rendered":"\t\t<div data-elementor-type=\"wp-page\" data-elementor-id=\"271\" class=\"elementor elementor-271\">\n\t\t\t\t<div class=\"elementor-element elementor-element-09d74e6 e-flex e-con-boxed e-con e-parent\" data-id=\"09d74e6\" data-element_type=\"container\" data-e-type=\"container\">\n\t\t\t\t\t<div class=\"e-con-inner\">\n\t\t<div class=\"elementor-element elementor-element-9bf1528 e-con-full e-flex e-con e-child\" data-id=\"9bf1528\" data-element_type=\"container\" data-e-type=\"container\">\n\t\t\t\t<div class=\"elementor-element elementor-element-ce7ed2b elementor-widget__width-initial animated-fast elementor-widget elementor-widget-image\" data-id=\"ce7ed2b\" data-element_type=\"widget\" data-e-type=\"widget\" data-settings=\"{&quot;_animation&quot;:&quot;none&quot;}\" data-widget_type=\"image.default\">\n\t\t\t\t<div class=\"elementor-widget-container\">\n\t\t\t\t\t\t\t\t\t\t\t\t\t\t\t\t<a href=\"https:\/\/cylianguibert.ovh\/\">\n\t\t\t\t\t\t\t<img fetchpriority=\"high\" decoding=\"async\" width=\"1024\" height=\"1024\" src=\"https:\/\/cylianguibert.ovh\/wp-content\/uploads\/2025\/02\/Favicon_Portfolio-1024x1024.png\" class=\"attachment-large size-large wp-image-287\" alt=\"\" srcset=\"https:\/\/cylianguibert.ovh\/wp-content\/uploads\/2025\/02\/Favicon_Portfolio-1024x1024.png 1024w, https:\/\/cylianguibert.ovh\/wp-content\/uploads\/2025\/02\/Favicon_Portfolio-300x300.png 300w, https:\/\/cylianguibert.ovh\/wp-content\/uploads\/2025\/02\/Favicon_Portfolio-150x150.png 150w, https:\/\/cylianguibert.ovh\/wp-content\/uploads\/2025\/02\/Favicon_Portfolio-768x768.png 768w, https:\/\/cylianguibert.ovh\/wp-content\/uploads\/2025\/02\/Favicon_Portfolio-1536x1536.png 1536w, https:\/\/cylianguibert.ovh\/wp-content\/uploads\/2025\/02\/Favicon_Portfolio.png 1544w\" sizes=\"(max-width: 1024px) 100vw, 1024px\" \/>\t\t\t\t\t\t\t\t<\/a>\n\t\t\t\t\t\t\t\t\t\t\t\t\t\t\t<\/div>\n\t\t\t\t<\/div>\n\t\t\t\t<\/div>\n\t\t<div class=\"elementor-element elementor-element-d835131 e-con-full e-flex e-con e-child\" data-id=\"d835131\" data-element_type=\"container\" data-e-type=\"container\">\n\t\t\t\t<\/div>\n\t\t<div class=\"elementor-element elementor-element-200a3a6 e-con-full e-flex e-con e-child\" data-id=\"200a3a6\" data-element_type=\"container\" data-e-type=\"container\">\n\t\t\t\t<div class=\"elementor-element elementor-element-6746033 elementor-widget elementor-widget-heading\" data-id=\"6746033\" data-element_type=\"widget\" data-e-type=\"widget\" data-widget_type=\"heading.default\">\n\t\t\t\t<div class=\"elementor-widget-container\">\n\t\t\t\t\t<h6 class=\"elementor-heading-title elementor-size-default\"><a href=\"https:\/\/www.youtube.com\/@Cyl_Guibert\" target=\"_blank\">\/YOUTUBE<\/a><\/h6>\t\t\t\t<\/div>\n\t\t\t\t<\/div>\n\t\t\t\t<\/div>\n\t\t<div class=\"elementor-element elementor-element-f6c3476 e-con-full e-flex e-con e-child\" data-id=\"f6c3476\" data-element_type=\"container\" data-e-type=\"container\">\n\t\t\t\t<div class=\"elementor-element elementor-element-0584c72 elementor-widget elementor-widget-heading\" data-id=\"0584c72\" data-element_type=\"widget\" data-e-type=\"widget\" data-widget_type=\"heading.default\">\n\t\t\t\t<div class=\"elementor-widget-container\">\n\t\t\t\t\t<h6 class=\"elementor-heading-title elementor-size-default\"><a href=\"http:\/\/www.instagram.com\/cyl_guibert\/\" target=\"_blank\">\/INSTAGRAM<\/a><\/h6>\t\t\t\t<\/div>\n\t\t\t\t<\/div>\n\t\t\t\t<\/div>\n\t\t<div class=\"elementor-element elementor-element-472f8d6 e-con-full e-flex e-con e-child\" data-id=\"472f8d6\" data-element_type=\"container\" data-e-type=\"container\">\n\t\t\t\t<div class=\"elementor-element elementor-element-0617a48 elementor-widget elementor-widget-heading\" data-id=\"0617a48\" data-element_type=\"widget\" data-e-type=\"widget\" data-widget_type=\"heading.default\">\n\t\t\t\t<div class=\"elementor-widget-container\">\n\t\t\t\t\t<h6 class=\"elementor-heading-title elementor-size-default\"><a href=\"https:\/\/letterboxd.com\/CylTePlay\/\" target=\"_blank\">\/LETTERBOXD<\/a><\/h6>\t\t\t\t<\/div>\n\t\t\t\t<\/div>\n\t\t\t\t<\/div>\n\t\t<div class=\"elementor-element elementor-element-b4fdd9e e-con-full e-flex e-con e-child\" data-id=\"b4fdd9e\" data-element_type=\"container\" data-e-type=\"container\">\n\t\t\t\t<div class=\"elementor-element elementor-element-e7ec0ea elementor-widget elementor-widget-heading\" data-id=\"e7ec0ea\" data-element_type=\"widget\" data-e-type=\"widget\" data-widget_type=\"heading.default\">\n\t\t\t\t<div class=\"elementor-widget-container\">\n\t\t\t\t\t<h6 class=\"elementor-heading-title elementor-size-default\"><a href=\"https:\/\/cylianguibert.ovh\/index.php\/about\/\" target=\"_blank\">\/ABOUT<\/a><\/h6>\t\t\t\t<\/div>\n\t\t\t\t<\/div>\n\t\t\t\t<\/div>\n\t\t\t\t\t<\/div>\n\t\t\t\t<\/div>\n\t\t<div class=\"elementor-element elementor-element-17be621 e-flex e-con-boxed e-con e-parent\" data-id=\"17be621\" data-element_type=\"container\" data-e-type=\"container\">\n\t\t\t\t\t<div class=\"e-con-inner\">\n\t\t<div class=\"elementor-element elementor-element-c34ebca e-con-full e-flex e-con e-child\" data-id=\"c34ebca\" data-element_type=\"container\" data-e-type=\"container\">\n\t\t\t\t<\/div>\n\t\t<div class=\"elementor-element elementor-element-bd4832d e-con-full e-flex e-con e-child\" data-id=\"bd4832d\" data-element_type=\"container\" data-e-type=\"container\">\n\t\t\t\t<\/div>\n\t\t\t\t\t<\/div>\n\t\t\t\t<\/div>\n\t\t<div class=\"elementor-element elementor-element-b6c148f e-flex e-con-boxed e-con e-parent\" data-id=\"b6c148f\" data-element_type=\"container\" data-e-type=\"container\">\n\t\t\t\t\t<div class=\"e-con-inner\">\n\t\t<div class=\"elementor-element elementor-element-a465928 e-con-full e-flex e-con e-child\" data-id=\"a465928\" data-element_type=\"container\" data-e-type=\"container\">\n\t\t\t\t<div class=\"elementor-element elementor-element-151997c elementor-widget elementor-widget-heading\" data-id=\"151997c\" data-element_type=\"widget\" data-e-type=\"widget\" data-widget_type=\"heading.default\">\n\t\t\t\t<div class=\"elementor-widget-container\">\n\t\t\t\t\t<h2 class=\"elementor-heading-title elementor-size-default\">Le panth\u00e9on <br>au f\u00e9minin<\/h2>\t\t\t\t<\/div>\n\t\t\t\t<\/div>\n\t\t\t\t<div class=\"elementor-element elementor-element-801d866 elementor-widget elementor-widget-heading\" data-id=\"801d866\" data-element_type=\"widget\" data-e-type=\"widget\" data-widget_type=\"heading.default\">\n\t\t\t\t<div class=\"elementor-widget-container\">\n\t\t\t\t\t<h5 class=\"elementor-heading-title elementor-size-default\">Encadrants : Micka\u00ebl Lafontaine<br>et Pierre Verdon<\/h5>\t\t\t\t<\/div>\n\t\t\t\t<\/div>\n\t\t\t\t<div class=\"elementor-element elementor-element-1665dc9 elementor-widget__width-initial elementor-widget elementor-widget-text-editor\" data-id=\"1665dc9\" data-element_type=\"widget\" data-e-type=\"widget\" data-widget_type=\"text-editor.default\">\n\t\t\t\t<div class=\"elementor-widget-container\">\n\t\t\t\t\t\t\t\t\t<p>Cr\u00e9\u00e9 avec Jeanne Launay, L\u00e9onie James, Marie Dassonneville et Nathan Tison<\/p>\t\t\t\t\t\t\t\t<\/div>\n\t\t\t\t<\/div>\n\t\t\t\t<div class=\"elementor-element elementor-element-720aefc elementor-widget__width-initial elementor-widget elementor-widget-text-editor\" data-id=\"720aefc\" data-element_type=\"widget\" data-e-type=\"widget\" data-widget_type=\"text-editor.default\">\n\t\t\t\t<div class=\"elementor-widget-container\">\n\t\t\t\t\t\t\t\t\t<p>En une semaine, travail de datavisualisation autour du panth\u00e9on et des femmes panth\u00e9onis\u00e9es. Exp\u00e9rimentations visuelles avec <span style=\"font-family: inherit; font-size: inherit; font-style: inherit; font-variant-ligatures: inherit; font-variant-caps: inherit; font-weight: inherit; text-align: var(--text-align); color: var(--theme-text-color); letter-spacing: var(--theme-letter-spacing); text-transform: var(--theme-text-transform);\">le logiciel Processing, mise en page des affiches, impression en s\u00e9rigraphie et d\u00e9coupe laser.<br \/><\/span><span style=\"font-family: inherit; font-size: inherit; font-style: inherit; font-variant-ligatures: inherit; font-variant-caps: inherit; font-weight: inherit; text-align: var(--text-align); color: var(--theme-text-color); letter-spacing: var(--theme-letter-spacing); text-transform: var(--theme-text-transform);\">Chaque cercle repr\u00e9sente une personnalit\u00e9 panth\u00e9onis\u00e9e et le visuel global vise \u00e0 mettre en avant le manque de femmes intronis\u00e9es au fil de l&#8217;histoire.<\/span><\/p>\t\t\t\t\t\t\t\t<\/div>\n\t\t\t\t<\/div>\n\t\t\t\t<\/div>\n\t\t<div class=\"elementor-element elementor-element-54b9204 e-con-full e-flex e-con e-child\" data-id=\"54b9204\" data-element_type=\"container\" data-e-type=\"container\">\n\t\t\t\t<div class=\"elementor-element elementor-element-e238f1a animated-fast elementor-invisible elementor-widget elementor-widget-image\" data-id=\"e238f1a\" data-element_type=\"widget\" data-e-type=\"widget\" data-settings=\"{&quot;_animation&quot;:&quot;slideInUp&quot;}\" data-widget_type=\"image.default\">\n\t\t\t\t<div class=\"elementor-widget-container\">\n\t\t\t\t\t\t\t\t\t\t\t\t\t\t\t<img decoding=\"async\" src=\"https:\/\/cylianguibert.ovh\/wp-content\/uploads\/2025\/02\/17052024-IMG_5560-scaled.jpg\" title=\"\" alt=\"\" loading=\"lazy\" \/>\t\t\t\t\t\t\t\t\t\t\t\t\t\t\t<\/div>\n\t\t\t\t<\/div>\n\t\t\t\t<div class=\"elementor-element elementor-element-598cd20 animated-fast elementor-invisible elementor-widget elementor-widget-image\" data-id=\"598cd20\" data-element_type=\"widget\" data-e-type=\"widget\" data-settings=\"{&quot;_animation&quot;:&quot;slideInUp&quot;}\" data-widget_type=\"image.default\">\n\t\t\t\t<div class=\"elementor-widget-container\">\n\t\t\t\t\t\t\t\t\t\t\t\t\t\t\t<img decoding=\"async\" src=\"https:\/\/cylianguibert.ovh\/wp-content\/uploads\/2025\/02\/17052024-IMG_5562-scaled.jpg\" title=\"\" alt=\"\" loading=\"lazy\" \/>\t\t\t\t\t\t\t\t\t\t\t\t\t\t\t<\/div>\n\t\t\t\t<\/div>\n\t\t\t\t<div class=\"elementor-element elementor-element-cfafce1 animated-fast elementor-invisible elementor-widget elementor-widget-image\" data-id=\"cfafce1\" data-element_type=\"widget\" data-e-type=\"widget\" data-settings=\"{&quot;_animation&quot;:&quot;slideInUp&quot;}\" data-widget_type=\"image.default\">\n\t\t\t\t<div class=\"elementor-widget-container\">\n\t\t\t\t\t\t\t\t\t\t\t\t\t\t\t<img decoding=\"async\" src=\"https:\/\/cylianguibert.ovh\/wp-content\/uploads\/2025\/02\/17052024-P1112131-scaled.jpg\" title=\"\" alt=\"\" loading=\"lazy\" \/>\t\t\t\t\t\t\t\t\t\t\t\t\t\t\t<\/div>\n\t\t\t\t<\/div>\n\t\t\t\t<\/div>\n\t\t\t\t\t<\/div>\n\t\t\t\t<\/div>\n\t\t<div class=\"elementor-element elementor-element-db42ff3 e-flex e-con-boxed e-con e-parent\" data-id=\"db42ff3\" data-element_type=\"container\" data-e-type=\"container\">\n\t\t\t\t\t<div class=\"e-con-inner\">\n\t\t<div class=\"elementor-element elementor-element-920a69d e-con-full e-flex e-con e-child\" data-id=\"920a69d\" data-element_type=\"container\" data-e-type=\"container\">\n\t\t\t\t<\/div>\n\t\t<div class=\"elementor-element elementor-element-cb839f0 e-con-full e-flex e-con e-child\" data-id=\"cb839f0\" data-element_type=\"container\" data-e-type=\"container\">\n\t\t\t\t<\/div>\n\t\t\t\t\t<\/div>\n\t\t\t\t<\/div>\n\t\t<div class=\"elementor-element elementor-element-3fd4940 e-flex e-con-boxed e-con e-parent\" data-id=\"3fd4940\" data-element_type=\"container\" data-e-type=\"container\">\n\t\t\t\t\t<div class=\"e-con-inner\">\n\t\t<div class=\"elementor-element elementor-element-9c1d5e0 e-con-full e-flex e-con e-child\" data-id=\"9c1d5e0\" data-element_type=\"container\" data-e-type=\"container\">\n\t\t\t\t<\/div>\n\t\t<div class=\"elementor-element elementor-element-5a19a1f e-con-full e-flex e-con e-child\" data-id=\"5a19a1f\" data-element_type=\"container\" data-e-type=\"container\">\n\t\t\t\t<\/div>\n\t\t\t\t\t<\/div>\n\t\t\t\t<\/div>\n\t\t<div class=\"elementor-element elementor-element-ad6d2f1 e-flex e-con-boxed e-con e-parent\" data-id=\"ad6d2f1\" data-element_type=\"container\" data-e-type=\"container\">\n\t\t\t\t\t<div class=\"e-con-inner\">\n\t\t<div class=\"elementor-element elementor-element-4b33b19 e-con-full e-flex e-con e-child\" data-id=\"4b33b19\" data-element_type=\"container\" data-e-type=\"container\">\n\t\t\t\t<\/div>\n\t\t<div class=\"elementor-element elementor-element-88d4dad e-con-full e-flex e-con e-child\" data-id=\"88d4dad\" data-element_type=\"container\" data-e-type=\"container\">\n\t\t\t\t<\/div>\n\t\t\t\t\t<\/div>\n\t\t\t\t<\/div>\n\t\t<div class=\"elementor-element elementor-element-6daf819 e-flex e-con-boxed e-con e-parent\" data-id=\"6daf819\" data-element_type=\"container\" data-e-type=\"container\">\n\t\t\t\t\t<div class=\"e-con-inner\">\n\t\t<div class=\"elementor-element elementor-element-2786861 e-con-full e-flex e-con e-child\" data-id=\"2786861\" data-element_type=\"container\" data-e-type=\"container\">\n\t\t\t\t<div class=\"elementor-element elementor-element-ee374b4 elementor-widget elementor-widget-heading\" data-id=\"ee374b4\" data-element_type=\"widget\" data-e-type=\"widget\" data-widget_type=\"heading.default\">\n\t\t\t\t<div class=\"elementor-widget-container\">\n\t\t\t\t\t<h5 class=\"elementor-heading-title elementor-size-default\">POUR EN VOIR PLUS<\/h5>\t\t\t\t<\/div>\n\t\t\t\t<\/div>\n\t\t\t\t<\/div>\n\t\t<div class=\"elementor-element elementor-element-7eb33f6 e-con-full e-flex e-con e-child\" data-id=\"7eb33f6\" data-element_type=\"container\" data-e-type=\"container\">\n\t\t\t\t<\/div>\n\t\t<div class=\"elementor-element elementor-element-ae4ffa7 e-con-full e-flex e-con e-child\" data-id=\"ae4ffa7\" data-element_type=\"container\" data-e-type=\"container\">\n\t\t\t\t<div class=\"elementor-element elementor-element-7280534 elementor-widget elementor-widget-heading\" data-id=\"7280534\" data-element_type=\"widget\" data-e-type=\"widget\" data-widget_type=\"heading.default\">\n\t\t\t\t<div class=\"elementor-widget-container\">\n\t\t\t\t\t<h6 class=\"elementor-heading-title elementor-size-default\"><a href=\"https:\/\/www.youtube.com\/@Cyl_Guibert\" target=\"_blank\">\/YOUTUBE<\/a><\/h6>\t\t\t\t<\/div>\n\t\t\t\t<\/div>\n\t\t\t\t<div class=\"elementor-element elementor-element-0e7765a elementor-widget elementor-widget-heading\" data-id=\"0e7765a\" data-element_type=\"widget\" data-e-type=\"widget\" data-widget_type=\"heading.default\">\n\t\t\t\t<div class=\"elementor-widget-container\">\n\t\t\t\t\t<h6 class=\"elementor-heading-title elementor-size-default\"><a href=\"http:\/\/www.instagram.com\/cyl_guibert\/\" target=\"_blank\">\/INSTAGRAM<\/a><\/h6>\t\t\t\t<\/div>\n\t\t\t\t<\/div>\n\t\t\t\t<div class=\"elementor-element elementor-element-2ab45ea elementor-widget elementor-widget-heading\" data-id=\"2ab45ea\" data-element_type=\"widget\" data-e-type=\"widget\" data-widget_type=\"heading.default\">\n\t\t\t\t<div class=\"elementor-widget-container\">\n\t\t\t\t\t<h6 class=\"elementor-heading-title elementor-size-default\"><a href=\"https:\/\/letterboxd.com\/CylTePlay\/\" target=\"_blank\">\/LETTERBOXD<\/a><\/h6>\t\t\t\t<\/div>\n\t\t\t\t<\/div>\n\t\t\t\t<\/div>\n\t\t<div class=\"elementor-element elementor-element-4f800ed e-con-full e-flex e-con e-child\" data-id=\"4f800ed\" data-element_type=\"container\" data-e-type=\"container\">\n\t\t\t\t<\/div>\n\t\t<div class=\"elementor-element elementor-element-453949a e-con-full e-flex e-con e-child\" data-id=\"453949a\" data-element_type=\"container\" data-e-type=\"container\">\n\t\t\t\t<\/div>\n\t\t<div class=\"elementor-element elementor-element-cab4458 e-con-full e-flex e-con e-child\" data-id=\"cab4458\" data-element_type=\"container\" data-e-type=\"container\">\n\t\t\t\t<\/div>\n\t\t\t\t\t<\/div>\n\t\t\t\t<\/div>\n\t\t\t\t<\/div>\n\t\t","protected":false},"excerpt":{"rendered":"<p>\/YOUTUBE \/INSTAGRAM \/LETTERBOXD \/ABOUT Le panth\u00e9on au f\u00e9minin Encadrants : Micka\u00ebl Lafontaineet Pierre Verdon Cr\u00e9\u00e9 avec Jeanne Launay, L\u00e9onie James, Marie Dassonneville et Nathan Tison En une semaine, travail de datavisualisation autour du panth\u00e9on et des femmes panth\u00e9onis\u00e9es. Exp\u00e9rimentations visuelles avec le logiciel Processing, mise en page des affiches, impression en s\u00e9rigraphie et d\u00e9coupe laser.Chaque [&hellip;]<\/p>\n","protected":false},"author":1,"featured_media":0,"parent":0,"menu_order":0,"comment_status":"closed","ping_status":"closed","template":"elementor_canvas","meta":{"footnotes":""},"class_list":["post-271","page","type-page","status-publish","hentry"],"_links":{"self":[{"href":"https:\/\/cylianguibert.ovh\/index.php\/wp-json\/wp\/v2\/pages\/271","targetHints":{"allow":["GET"]}}],"collection":[{"href":"https:\/\/cylianguibert.ovh\/index.php\/wp-json\/wp\/v2\/pages"}],"about":[{"href":"https:\/\/cylianguibert.ovh\/index.php\/wp-json\/wp\/v2\/types\/page"}],"author":[{"embeddable":true,"href":"https:\/\/cylianguibert.ovh\/index.php\/wp-json\/wp\/v2\/users\/1"}],"replies":[{"embeddable":true,"href":"https:\/\/cylianguibert.ovh\/index.php\/wp-json\/wp\/v2\/comments?post=271"}],"version-history":[{"count":70,"href":"https:\/\/cylianguibert.ovh\/index.php\/wp-json\/wp\/v2\/pages\/271\/revisions"}],"predecessor-version":[{"id":2631,"href":"https:\/\/cylianguibert.ovh\/index.php\/wp-json\/wp\/v2\/pages\/271\/revisions\/2631"}],"wp:attachment":[{"href":"https:\/\/cylianguibert.ovh\/index.php\/wp-json\/wp\/v2\/media?parent=271"}],"curies":[{"name":"wp","href":"https:\/\/api.w.org\/{rel}","templated":true}]}}